{"id":1321,"date":"2025-08-20T19:58:49","date_gmt":"2025-08-20T15:58:49","guid":{"rendered":"https:\/\/leseditions.lacompagnieduchatbleu.fr\/?page_id=1321"},"modified":"2025-08-21T22:21:09","modified_gmt":"2025-08-21T18:21:09","slug":"auteure-peggy-loup-garbal","status":"publish","type":"page","link":"https:\/\/leseditions.lacompagnieduchatbleu.fr\/index.php\/nos-auteurs\/auteure-peggy-loup-garbal\/","title":{"rendered":"Auteure : Peggy-Loup Garbal"},"content":{"rendered":"\n<div class=\"wp-block-group alignfull has-background has-global-padding is-layout-constrained wp-block-group-is-layout-constrained\" style=\"background:linear-gradient(180deg,rgb(237,236,232) 0%,rgb(249,249,249) 100%)\">\n<div style=\"height:30px\" aria-hidden=\"true\" class=\"wp-block-spacer\"><\/div>\n\n\n\n<div class=\"wp-block-buttons alignwide is-layout-flex wp-block-buttons-is-layout-flex\">\n<div class=\"wp-block-button\"><a class=\"wp-block-button__link wp-element-button\" href=\"https:\/\/leseditions.lacompagnieduchatbleu.fr\/index.php\/nos-auteurs\/\">Retour<\/a><\/div>\n<\/div>\n\n\n\n<div class=\"wp-block-columns is-layout-flex wp-container-core-columns-is-layout-28f84493 wp-block-columns-is-layout-flex\">\n<div class=\"wp-block-column is-layout-flow wp-block-column-is-layout-flow\" style=\"flex-basis:33.33%\">\n<figure class=\"wp-block-image size-full\"><img loading=\"lazy\" decoding=\"async\" width=\"150\" height=\"150\" src=\"https:\/\/leseditions.lacompagnieduchatbleu.fr\/wp-content\/uploads\/2025\/08\/Vignette_Peggy-Loup_Garbal.jpg\" alt=\"\" class=\"wp-image-1319\" style=\"box-shadow:var(--wp--preset--shadow--deep)\" srcset=\"https:\/\/leseditions.lacompagnieduchatbleu.fr\/wp-content\/uploads\/2025\/08\/Vignette_Peggy-Loup_Garbal.jpg 150w, https:\/\/leseditions.lacompagnieduchatbleu.fr\/wp-content\/uploads\/2025\/08\/Vignette_Peggy-Loup_Garbal-100x100.jpg 100w\" sizes=\"auto, (max-width: 150px) 100vw, 150px\" \/><\/figure>\n<\/div>\n\n\n\n<div class=\"wp-block-column is-vertically-aligned-center is-layout-flow wp-block-column-is-layout-flow\" style=\"flex-basis:70%\">\n<p>N\u00e9e \u00e0 Lyon, Peggy-Loup Garbal vit \u00e0 La<br>R\u00e9union depuis une vingtaine d\u2019ann\u00e9es.<br>Cette ancienne journaliste se consacre<br>aujourd\u2019hui \u00e0 l\u2019\u00e9criture de romans,<br>nouvelles et pi\u00e8ces de th\u00e9\u00e2tre, avec une<br>vingtaine d\u2019ouvrages \u00e0 son actif \u2014 dont<br>beaucoup de collectifs ; elle traduit aussi<br>des textes du cr\u00e9ole au fran\u00e7ais. Elle<br>encourage les personnes \u00e0 s\u2019exprimer \u00e0<br>travers l\u2019animation d\u2019ateliers d\u2019\u00e9criture<br>tout public et organise des conf\u00e9rences sur<br>le th\u00e8me de l\u2019autisme. Avec \u00ab&nbsp;La R\u00e9union<br>des Grands Faits Divers&nbsp;\u00bb, l\u2019auteure<br>convoque tous ses talents au b\u00e9n\u00e9fice de<br>notre \u00eele.<\/p>\n<\/div>\n<\/div>\n\n\n\n<div style=\"height:50px\" aria-hidden=\"true\" class=\"wp-block-spacer\"><\/div>\n\n\n\n<h4 class=\"wp-block-heading\">Vid\u00e9os<\/h4>\n\n\n\n<div class=\"wp-block-columns is-layout-flex wp-container-core-columns-is-layout-28f84493 wp-block-columns-is-layout-flex\">\n<div class=\"wp-block-column is-layout-flow wp-block-column-is-layout-flow\">\n<div class=\"wp-block-group has-global-padding is-layout-constrained wp-block-group-is-layout-constrained\" style=\"box-shadow:var(--wp--preset--shadow--natural)\">\n<figure class=\"wp-block-video\"><video height=\"338\" style=\"aspect-ratio: 640 \/ 338;\" width=\"640\" controls src=\"https:\/\/leseditions.lacompagnieduchatbleu.fr\/wp-content\/uploads\/2025\/08\/LRDGFD_promo.mp4\"><\/video><\/figure>\n<\/div>\n\n\n\n<p class=\"has-text-align-center\">Extrait \u00b7 La R\u00e9union des Grands Faits Divers<\/p>\n<\/div>\n<\/div>\n\n\n\n<div style=\"height:100px\" aria-hidden=\"true\" class=\"wp-block-spacer\"><\/div>\n\n\n\n<h4 class=\"wp-block-heading\">\u0152uvres de l\u2019auteur<\/h4>\n\n\n\n<ul class=\"wp-block-list\">\n<li><a href=\"https:\/\/leseditions.lacompagnieduchatbleu.fr\/index.php\/catalogue-la-reunion-des-grands-faits-divers\/\">La R\u00e9union des Grands Faits Divers<\/a><\/li>\n<\/ul>\n\n\n\n<div style=\"height:50px\" aria-hidden=\"true\" class=\"wp-block-spacer\"><\/div>\n<\/div>\n","protected":false},"excerpt":{"rendered":"<p>N\u00e9e \u00e0 Lyon, Peggy-Loup Garbal vit \u00e0 LaR\u00e9union depuis une vingtaine d\u2019ann\u00e9es.Cette ancienne journaliste se consacreaujourd\u2019hui \u00e0 l\u2019\u00e9criture de romans,nouvelles et pi\u00e8ces de th\u00e9\u00e2tre, avec unevingtaine d\u2019ouvrages \u00e0 son actif \u2014 dontbeaucoup de collectifs ; elle traduit aussides textes du cr\u00e9ole au fran\u00e7ais. Elleencourage les personnes \u00e0 s\u2019exprimer \u00e0travers l\u2019animation d\u2019ateliers d\u2019\u00e9crituretout public et organise [&hellip;]<\/p>\n","protected":false},"author":1,"featured_media":0,"parent":164,"menu_order":0,"comment_status":"closed","ping_status":"closed","template":"","meta":{"pgc_sgb_lightbox_settings":"","_themeisle_gutenberg_block_has_review":false,"footnotes":""},"class_list":["post-1321","page","type-page","status-publish","hentry"],"_links":{"self":[{"href":"https:\/\/leseditions.lacompagnieduchatbleu.fr\/index.php\/wp-json\/wp\/v2\/pages\/1321","targetHints":{"allow":["GET"]}}],"collection":[{"href":"https:\/\/leseditions.lacompagnieduchatbleu.fr\/index.php\/wp-json\/wp\/v2\/pages"}],"about":[{"href":"https:\/\/leseditions.lacompagnieduchatbleu.fr\/index.php\/wp-json\/wp\/v2\/types\/page"}],"author":[{"embeddable":true,"href":"https:\/\/leseditions.lacompagnieduchatbleu.fr\/index.php\/wp-json\/wp\/v2\/users\/1"}],"replies":[{"embeddable":true,"href":"https:\/\/leseditions.lacompagnieduchatbleu.fr\/index.php\/wp-json\/wp\/v2\/comments?post=1321"}],"version-history":[{"count":4,"href":"https:\/\/leseditions.lacompagnieduchatbleu.fr\/index.php\/wp-json\/wp\/v2\/pages\/1321\/revisions"}],"predecessor-version":[{"id":1356,"href":"https:\/\/leseditions.lacompagnieduchatbleu.fr\/index.php\/wp-json\/wp\/v2\/pages\/1321\/revisions\/1356"}],"up":[{"embeddable":true,"href":"https:\/\/leseditions.lacompagnieduchatbleu.fr\/index.php\/wp-json\/wp\/v2\/pages\/164"}],"wp:attachment":[{"href":"https:\/\/leseditions.lacompagnieduchatbleu.fr\/index.php\/wp-json\/wp\/v2\/media?parent=1321"}],"curies":[{"name":"wp","href":"https:\/\/api.w.org\/{rel}","templated":true}]}}