{"id":1330,"date":"2025-08-20T20:20:03","date_gmt":"2025-08-20T16:20:03","guid":{"rendered":"https:\/\/leseditions.lacompagnieduchatbleu.fr\/?page_id=1330"},"modified":"2025-08-20T20:50:26","modified_gmt":"2025-08-20T16:50:26","slug":"catalogue-la-reunion-des-grands-faits-divers","status":"publish","type":"page","link":"https:\/\/leseditions.lacompagnieduchatbleu.fr\/index.php\/notre-catalogue\/catalogue-la-reunion-des-grands-faits-divers\/","title":{"rendered":"Catalogue : La R\u00e9union des Grands Faits Divers"},"content":{"rendered":"\n<div class=\"wp-block-group alignfull has-background has-global-padding is-layout-constrained wp-block-group-is-layout-constrained\" style=\"background:linear-gradient(180deg,rgb(237,236,232) 0%,rgb(249,249,249) 100%)\">\n<div style=\"height:30px\" aria-hidden=\"true\" class=\"wp-block-spacer\"><\/div>\n\n\n\n<div class=\"wp-block-buttons alignwide is-layout-flex wp-block-buttons-is-layout-flex\">\n<div class=\"wp-block-button\"><a class=\"wp-block-button__link wp-element-button\" href=\"https:\/\/leseditions.lacompagnieduchatbleu.fr\/index.php\/notre-catalogue\/\">Retour<\/a><\/div>\n<\/div>\n\n\n\n<figure class=\"wp-block-image size-full is-resized\"><img loading=\"lazy\" decoding=\"async\" width=\"400\" height=\"654\" src=\"https:\/\/leseditions.lacompagnieduchatbleu.fr\/wp-content\/uploads\/2025\/08\/1eC-LRDGFD_400.png\" alt=\"\" class=\"wp-image-1328\" style=\"box-shadow:var(--wp--preset--shadow--deep);width:200px\" srcset=\"https:\/\/leseditions.lacompagnieduchatbleu.fr\/wp-content\/uploads\/2025\/08\/1eC-LRDGFD_400.png 400w, https:\/\/leseditions.lacompagnieduchatbleu.fr\/wp-content\/uploads\/2025\/08\/1eC-LRDGFD_400-183x300.png 183w\" sizes=\"auto, (max-width: 400px) 100vw, 400px\" \/><\/figure>\n\n\n\n<p>ISBN : 978-2-49081-104-5<\/p>\n\n\n\n<p>Auteure : <a href=\"https:\/\/leseditions.lacompagnieduchatbleu.fr\/index.php\/auteure-peggy-loup-garbal\/\" data-type=\"page\" data-id=\"1015\"><strong>Peggy-Loup Garbal<\/strong><\/a><\/p>\n\n\n\n<p><em>L\u2019\u00eele de la R\u00e9union conna\u00eet des faits divers tragiques qui resteront grav\u00e9s dans la m\u00e9moire collective de ses habitants.<\/em><\/p>\n\n\n\n<p><em>Infanticides, d\u00e9rives sectaires, viols, actes de barbarie, r\u00e8glements de compte, ces passages \u00e0 l\u2019acte nous am\u00e8nent \u00e0 nous questionner sur les ph\u00e9nom\u00e8nes socioculturels en constante \u00e9volution. Pour exemple, les f\u00e9minicides restent aujourd\u2019hui un v\u00e9ritable fl\u00e9au malgr\u00e9 des progr\u00e8s dans la lutte contre les violences intrafamiliales.<\/em><\/p>\n\n\n\n<p><em>Ces r\u00e9cits nous plongent au c\u0153ur des affaires gr\u00e2ce \u00e0 de nombreuses investigations, de pr\u00e9cieux t\u00e9moignages qui donnent un nouvel \u00e9clairage \u00e0 certaines enqu\u00eates. Cet ouvrage d\u00e9peint le contexte social dans les communes \u00e0 travers les \u00e9poques, et \u00e9galement l\u2019\u00e9volution des techniques de police et de gendarmerie pour \u00e9lucider des affaires parfois complexes.<\/em><\/p>\n\n\n\n<p><em><br><\/em><\/p>\n\n\n\n<div class=\"wp-block-buttons is-content-justification-center is-layout-flex wp-container-core-buttons-is-layout-a89b3969 wp-block-buttons-is-layout-flex\">\n<div class=\"wp-block-button\"><a class=\"wp-block-button__link wp-element-button\" href=\"https:\/\/leseditions.lacompagnieduchatbleu.fr\/index.php\/produit\/la-reunion-des-grands-faits-divers\/\">Voir dans la boutique (disponible \u00e0 partir du 6 septembre 2025)<\/a><\/div>\n<\/div>\n\n\n\n<div style=\"height:30px\" aria-hidden=\"true\" class=\"wp-block-spacer\"><\/div>\n<\/div>\n\n\n\n<p><\/p>\n","protected":false},"excerpt":{"rendered":"<p>ISBN : 978-2-49081-104-5 Auteure : Peggy-Loup Garbal L\u2019\u00eele de la R\u00e9union conna\u00eet des faits divers tragiques qui resteront grav\u00e9s dans la m\u00e9moire collective de ses habitants. Infanticides, d\u00e9rives sectaires, viols, actes de barbarie, r\u00e8glements de compte, ces passages \u00e0 l\u2019acte nous am\u00e8nent \u00e0 nous questionner sur les ph\u00e9nom\u00e8nes socioculturels en constante \u00e9volution. Pour exemple, les [&hellip;]<\/p>\n","protected":false},"author":1,"featured_media":0,"parent":166,"menu_order":0,"comment_status":"closed","ping_status":"closed","template":"","meta":{"pgc_sgb_lightbox_settings":"","_themeisle_gutenberg_block_has_review":false,"footnotes":""},"class_list":["post-1330","page","type-page","status-publish","hentry"],"_links":{"self":[{"href":"https:\/\/leseditions.lacompagnieduchatbleu.fr\/index.php\/wp-json\/wp\/v2\/pages\/1330","targetHints":{"allow":["GET"]}}],"collection":[{"href":"https:\/\/leseditions.lacompagnieduchatbleu.fr\/index.php\/wp-json\/wp\/v2\/pages"}],"about":[{"href":"https:\/\/leseditions.lacompagnieduchatbleu.fr\/index.php\/wp-json\/wp\/v2\/types\/page"}],"author":[{"embeddable":true,"href":"https:\/\/leseditions.lacompagnieduchatbleu.fr\/index.php\/wp-json\/wp\/v2\/users\/1"}],"replies":[{"embeddable":true,"href":"https:\/\/leseditions.lacompagnieduchatbleu.fr\/index.php\/wp-json\/wp\/v2\/comments?post=1330"}],"version-history":[{"count":4,"href":"https:\/\/leseditions.lacompagnieduchatbleu.fr\/index.php\/wp-json\/wp\/v2\/pages\/1330\/revisions"}],"predecessor-version":[{"id":1334,"href":"https:\/\/leseditions.lacompagnieduchatbleu.fr\/index.php\/wp-json\/wp\/v2\/pages\/1330\/revisions\/1334"}],"up":[{"embeddable":true,"href":"https:\/\/leseditions.lacompagnieduchatbleu.fr\/index.php\/wp-json\/wp\/v2\/pages\/166"}],"wp:attachment":[{"href":"https:\/\/leseditions.lacompagnieduchatbleu.fr\/index.php\/wp-json\/wp\/v2\/media?parent=1330"}],"curies":[{"name":"wp","href":"https:\/\/api.w.org\/{rel}","templated":true}]}}