{"id":1367,"date":"2025-09-05T18:29:38","date_gmt":"2025-09-05T14:29:38","guid":{"rendered":"https:\/\/leseditions.lacompagnieduchatbleu.fr\/?page_id=1367"},"modified":"2026-03-21T15:44:11","modified_gmt":"2026-03-21T11:44:11","slug":"catalogue-tom-castle-le-reseau-des-magistrats","status":"publish","type":"page","link":"https:\/\/leseditions.lacompagnieduchatbleu.fr\/index.php\/notre-catalogue\/catalogue-tom-castle-le-reseau-des-magistrats\/","title":{"rendered":"Catalogue : Tom Castle &#8211; Le R\u00e9seau des Magistrats"},"content":{"rendered":"\n<div class=\"wp-block-group alignfull has-background has-global-padding is-layout-constrained wp-block-group-is-layout-constrained\" style=\"background:linear-gradient(180deg,rgb(237,236,232) 0%,rgb(249,249,249) 100%)\">\n<div style=\"height:30px\" aria-hidden=\"true\" class=\"wp-block-spacer\"><\/div>\n\n\n\n<div class=\"wp-block-buttons alignwide is-layout-flex wp-block-buttons-is-layout-flex\">\n<div class=\"wp-block-button\"><a class=\"wp-block-button__link wp-element-button\" href=\"https:\/\/leseditions.lacompagnieduchatbleu.fr\/index.php\/notre-catalogue\/\">Retour<\/a><\/div>\n<\/div>\n\n\n\n<figure class=\"wp-block-image size-full is-resized\"><img loading=\"lazy\" decoding=\"async\" width=\"400\" height=\"556\" src=\"https:\/\/leseditions.lacompagnieduchatbleu.fr\/wp-content\/uploads\/2025\/09\/1ec-Tom-Castle-3.jpg\" alt=\"\" class=\"wp-image-1366\" style=\"box-shadow:var(--wp--preset--shadow--deep);width:200px\" srcset=\"https:\/\/leseditions.lacompagnieduchatbleu.fr\/wp-content\/uploads\/2025\/09\/1ec-Tom-Castle-3.jpg 400w, https:\/\/leseditions.lacompagnieduchatbleu.fr\/wp-content\/uploads\/2025\/09\/1ec-Tom-Castle-3-216x300.jpg 216w\" sizes=\"auto, (max-width: 400px) 100vw, 400px\" \/><\/figure>\n\n\n\n<p>ISBN : 978-2-49081-105-2<\/p>\n\n\n\n<p>Auteur : <a href=\"https:\/\/leseditions.lacompagnieduchatbleu.fr\/index.php\/auteur-nicola-bertani\/\" data-type=\"page\" data-id=\"1015\"><strong>Nicola Bertani<\/strong><\/a><\/p>\n\n\n\n<p class=\"has-text-align-center\"><strong>UNE ENQU\u00caTE\u2026<\/strong><\/p>\n\n\n\n<p><em><\/em><em><strong>T<\/strong><\/em><em>om Castle et Dona Parker ont surv\u00e9cu aux attaques d\u2019Aslan Dogan, parrain de la mafia turque des Lions Gris. Ils ont fini par l\u2019\u00e9liminer, avec tous ses hommes. Mais Aslan avait un fils, Alric, qui r\u00e9clame vengeance et a enlev\u00e9 Reggie, le neveu de Dona, pendant leurs vacances dans les montagnes de Californie.<\/em><\/p>\n\n\n\n<p class=\"has-text-align-center\">\u2026 <strong>AU SEIN D\u2019UN R\u00c9SEAU INTERNATIONAL<\/strong><\/p>\n\n\n\n<p><em><\/em><em><strong>D<\/strong><\/em><em>ona, Tom et le clan Parker commencent donc une enqu\u00eate sur ce dangereux <\/em><em>R\u00e9seau des magistrats de <\/em><em>Soliman le Magnifique, qui \u0153uvre dans le secret pour restaurer la puissance et la gloire de l\u2019ancien Empire ottoman, avec l\u2019aide d\u2019un agent d\u00e9savou\u00e9 de la CIA. Leur enqu\u00eate va les emmener au sein de la diaspora turque, partout dans le monde&nbsp;: \u00e0 Vienne, Belgrade, Alger, et au Canada\u2026<\/em><\/p>\n\n\n\n<p class=\"has-text-align-center\">\u2026 <strong>POUR SAUVER REGGIE&nbsp;!<\/strong><\/p>\n\n\n\n<p><em><strong>D<\/strong><\/em><em>e multiples rebondissements, des combats rapproch\u00e9s, des retournements de situation&nbsp;! On va d\u00e9couvrir Haruto, le p\u00e8re de Reggie, et ses talents de samoura\u00ef dans ces nouvelles aventures qui vous emporteront \u00e0 un rythme effr\u00e9n\u00e9, en d\u00e9voilant un peu plus chaque personnage de la saga.<\/em><\/p>\n\n\n\n<p><em>Troisi\u00e8me volume des aventures de Tom Castle qui fait suite \u00e0 \u00ab&nbsp;Il faut Sauver DONA Parker&nbsp;\u00bb, ce nouveau thriller d\u2019action et de suspense passe \u00e0 la vitesse sup\u00e9rieure. Voyage permanent et d\u00e9paysement sont au rendez-vous&nbsp;!<\/em><\/p>\n\n\n\n<p><em><br><\/em><\/p>\n\n\n\n<div class=\"wp-block-buttons is-content-justification-center is-layout-flex wp-container-core-buttons-is-layout-a89b3969 wp-block-buttons-is-layout-flex\">\n<div class=\"wp-block-button\"><a class=\"wp-block-button__link wp-element-button\" href=\"https:\/\/leseditions.lacompagnieduchatbleu.fr\/index.php\/produit\/le-reseau-des-magistrats\/\">Voir dans la boutique (disponible \u00e0 partir du 6 septembre 2025)<\/a><\/div>\n<\/div>\n\n\n\n<div style=\"height:30px\" aria-hidden=\"true\" class=\"wp-block-spacer\"><\/div>\n<\/div>\n","protected":false},"excerpt":{"rendered":"<p>ISBN : 978-2-49081-105-2 Auteur : Nicola Bertani UNE ENQU\u00caTE\u2026 Tom Castle et Dona Parker ont surv\u00e9cu aux attaques d\u2019Aslan Dogan, parrain de la mafia turque des Lions Gris. Ils ont fini par l\u2019\u00e9liminer, avec tous ses hommes. Mais Aslan avait un fils, Alric, qui r\u00e9clame vengeance et a enlev\u00e9 Reggie, le neveu de Dona, pendant [&hellip;]<\/p>\n","protected":false},"author":1,"featured_media":0,"parent":166,"menu_order":0,"comment_status":"closed","ping_status":"closed","template":"","meta":{"pgc_sgb_lightbox_settings":"","_themeisle_gutenberg_block_has_review":false,"footnotes":""},"class_list":["post-1367","page","type-page","status-publish","hentry"],"_links":{"self":[{"href":"https:\/\/leseditions.lacompagnieduchatbleu.fr\/index.php\/wp-json\/wp\/v2\/pages\/1367","targetHints":{"allow":["GET"]}}],"collection":[{"href":"https:\/\/leseditions.lacompagnieduchatbleu.fr\/index.php\/wp-json\/wp\/v2\/pages"}],"about":[{"href":"https:\/\/leseditions.lacompagnieduchatbleu.fr\/index.php\/wp-json\/wp\/v2\/types\/page"}],"author":[{"embeddable":true,"href":"https:\/\/leseditions.lacompagnieduchatbleu.fr\/index.php\/wp-json\/wp\/v2\/users\/1"}],"replies":[{"embeddable":true,"href":"https:\/\/leseditions.lacompagnieduchatbleu.fr\/index.php\/wp-json\/wp\/v2\/comments?post=1367"}],"version-history":[{"count":2,"href":"https:\/\/leseditions.lacompagnieduchatbleu.fr\/index.php\/wp-json\/wp\/v2\/pages\/1367\/revisions"}],"predecessor-version":[{"id":1369,"href":"https:\/\/leseditions.lacompagnieduchatbleu.fr\/index.php\/wp-json\/wp\/v2\/pages\/1367\/revisions\/1369"}],"up":[{"embeddable":true,"href":"https:\/\/leseditions.lacompagnieduchatbleu.fr\/index.php\/wp-json\/wp\/v2\/pages\/166"}],"wp:attachment":[{"href":"https:\/\/leseditions.lacompagnieduchatbleu.fr\/index.php\/wp-json\/wp\/v2\/media?parent=1367"}],"curies":[{"name":"wp","href":"https:\/\/api.w.org\/{rel}","templated":true}]}}