{"id":168,"date":"2024-11-04T19:21:27","date_gmt":"2024-11-04T18:21:27","guid":{"rendered":"https:\/\/leseditions.lacompagnieduchatbleu.fr\/?page_id=168"},"modified":"2025-09-05T18:45:36","modified_gmt":"2025-09-05T14:45:36","slug":"auteur-olivier-collin-dufresne","status":"publish","type":"page","link":"https:\/\/leseditions.lacompagnieduchatbleu.fr\/index.php\/nos-auteurs\/auteur-olivier-collin-dufresne\/","title":{"rendered":"Olivier Collin Dufresne"},"content":{"rendered":"\n<div style=\"background-image:url(&apos;https:\/\/leseditions.lacompagnieduchatbleu.fr\/wp-content\/uploads\/2024\/11\/OCD_Partage_detail_1600px.jpg&apos;);background-size:cover;\" class=\"wp-block-group alignfull has-global-padding is-layout-constrained wp-block-group-is-layout-constrained has-background\">\n<div style=\"height:30px\" aria-hidden=\"true\" class=\"wp-block-spacer\"><\/div>\n\n\n\n<div class=\"wp-block-buttons alignwide is-layout-flex wp-block-buttons-is-layout-flex\">\n<div class=\"wp-block-button\"><a class=\"wp-block-button__link wp-element-button\" href=\"https:\/\/leseditions.lacompagnieduchatbleu.fr\/index.php\/nos-auteurs\/\">Retour<\/a><\/div>\n<\/div>\n\n\n\n<div class=\"wp-block-columns is-layout-flex wp-container-core-columns-is-layout-28f84493 wp-block-columns-is-layout-flex\">\n<div class=\"wp-block-column is-layout-flow wp-block-column-is-layout-flow\" style=\"flex-basis:33.33%\">\n<figure class=\"wp-block-image size-full\"><img loading=\"lazy\" decoding=\"async\" width=\"150\" height=\"150\" src=\"https:\/\/leseditions.lacompagnieduchatbleu.fr\/wp-content\/uploads\/2024\/11\/IMG_2762-fi27628711x367-150x150-1.jpg\" alt=\"\" class=\"wp-image-306\" style=\"box-shadow:var(--wp--preset--shadow--deep)\" srcset=\"https:\/\/leseditions.lacompagnieduchatbleu.fr\/wp-content\/uploads\/2024\/11\/IMG_2762-fi27628711x367-150x150-1.jpg 150w, https:\/\/leseditions.lacompagnieduchatbleu.fr\/wp-content\/uploads\/2024\/11\/IMG_2762-fi27628711x367-150x150-1-100x100.jpg 100w\" sizes=\"auto, (max-width: 150px) 100vw, 150px\" \/><\/figure>\n<\/div>\n\n\n\n<div class=\"wp-block-column is-vertically-aligned-center is-layout-flow wp-block-column-is-layout-flow\" style=\"flex-basis:80%\">\n<p class=\"has-text-align-left\">N\u00e9 dans l&rsquo;Oc\u00e9an Indien au d\u00e9but des ann\u00e9es 60, il revendique son identit\u00e9 \u00ab mascarine \u00bb au confluent de Madagascar, Maurice, Rodrigues et La R\u00e9union. \u00c9crivain francophone, son travail d&rsquo;\u00e9criture est le fruit d&rsquo;un m\u00e9tissage des mondes et des cultures.<\/p>\n<\/div>\n<\/div>\n\n\n\n<div style=\"height:100px\" aria-hidden=\"true\" class=\"wp-block-spacer\"><\/div>\n\n\n\n<h4 class=\"wp-block-heading\">Vid\u00e9os<\/h4>\n\n\n\n<div class=\"wp-block-group has-global-padding is-layout-constrained wp-container-core-group-is-layout-92b9201d wp-block-group-is-layout-constrained\">\n<div class=\"wp-block-columns are-vertically-aligned-top is-layout-flex wp-container-core-columns-is-layout-28f84493 wp-block-columns-is-layout-flex\">\n<div class=\"wp-block-column is-vertically-aligned-top is-layout-flow wp-block-column-is-layout-flow\">\n<div class=\"wp-block-group has-global-padding is-layout-constrained wp-block-group-is-layout-constrained\" style=\"box-shadow:var(--wp--preset--shadow--natural)\">\n<figure class=\"wp-block-video aligncenter\"><video height=\"240\" style=\"aspect-ratio: 424 \/ 240;\" width=\"424\" controls src=\"https:\/\/leseditions.lacompagnieduchatbleu.fr\/wp-content\/uploads\/2024\/11\/Entretien-OCD-Linfo.re_.mp4\"><\/video><\/figure>\n<\/div>\n\n\n\n<p class=\"has-text-align-center\">Entretien \u00b7 Polychromes<\/p>\n<\/div>\n\n\n\n<div class=\"wp-block-column is-vertically-aligned-top is-layout-flow wp-block-column-is-layout-flow\">\n<div class=\"wp-block-group has-global-padding is-layout-constrained wp-block-group-is-layout-constrained\" style=\"box-shadow:var(--wp--preset--shadow--natural)\">\n<figure class=\"wp-block-video aligncenter\"><video height=\"300\" style=\"aspect-ratio: 534 \/ 300;\" width=\"534\" controls poster=\"https:\/\/leseditions.lacompagnieduchatbleu.fr\/wp-content\/uploads\/2024\/12\/Miniature_entretien_OCD_Monochrome.jpg\" src=\"https:\/\/leseditions.lacompagnieduchatbleu.fr\/wp-content\/uploads\/2024\/11\/Interview-Monochrome-v2-small.mp4\"><\/video><\/figure>\n<\/div>\n\n\n\n<p class=\"has-text-align-center\">Entretien \u00b7 Monochrome<\/p>\n<\/div>\n\n\n\n<div class=\"wp-block-column is-vertically-aligned-top is-layout-flow wp-block-column-is-layout-flow\">\n<div class=\"wp-block-group has-global-padding is-layout-constrained wp-block-group-is-layout-constrained\" style=\"box-shadow:var(--wp--preset--shadow--natural)\">\n<figure class=\"wp-block-video aligncenter\"><video height=\"360\" style=\"aspect-ratio: 640 \/ 360;\" width=\"640\" controls src=\"https:\/\/leseditions.lacompagnieduchatbleu.fr\/wp-content\/uploads\/2024\/11\/Chromes_360p_20220618.mp4\"><\/video><\/figure>\n<\/div>\n\n\n\n<p class=\"has-text-align-center\">Entretien \u00b7 Chromes<\/p>\n<\/div>\n<\/div>\n\n\n\n<div class=\"wp-block-columns are-vertically-aligned-top is-layout-flex wp-container-core-columns-is-layout-a5331a9e wp-block-columns-is-layout-flex\" style=\"padding-top:0;padding-right:0;padding-bottom:0;padding-left:0\">\n<div class=\"wp-block-column is-vertically-aligned-top is-layout-flow wp-block-column-is-layout-flow\">\n<div class=\"wp-block-group has-global-padding is-layout-constrained wp-block-group-is-layout-constrained\" style=\"box-shadow:var(--wp--preset--shadow--natural)\">\n<figure class=\"wp-block-video aligncenter\" style=\"padding-top:0px;padding-right:0;padding-bottom:0px;padding-left:0\"><video height=\"480\" style=\"aspect-ratio: 270 \/ 480;\" width=\"270\" controls src=\"https:\/\/leseditions.lacompagnieduchatbleu.fr\/wp-content\/uploads\/2024\/11\/Interview-LHQALP-SEP23-v3.mp4\"><\/video><\/figure>\n<\/div>\n\n\n\n<p class=\"has-text-align-center\">Entretien \u00b7 L&rsquo;homme qui aimait les porcelets<\/p>\n<\/div>\n\n\n\n<div class=\"wp-block-column is-vertically-aligned-top is-layout-flow wp-block-column-is-layout-flow\" style=\"flex-basis:356px\">\n<div class=\"wp-block-group has-global-padding is-layout-constrained wp-block-group-is-layout-constrained\" style=\"box-shadow:var(--wp--preset--shadow--natural)\">\n<figure class=\"wp-block-video aligncenter\"><video height=\"270\" style=\"aspect-ratio: 480 \/ 270;\" width=\"480\" controls poster=\"https:\/\/leseditions.lacompagnieduchatbleu.fr\/wp-content\/uploads\/2024\/11\/Vignette-entretien-OCD-TV-Kreol_300px.jpg\" src=\"https:\/\/leseditions.lacompagnieduchatbleu.fr\/wp-content\/uploads\/2024\/11\/Entretien-TV-Kreol-v3.mp4\"><\/video><\/figure>\n<\/div>\n\n\n\n<p class=\"has-text-align-center\">Entretien \u00b7 TV Kreol<\/p>\n<\/div>\n\n\n\n<div class=\"wp-block-column is-vertically-aligned-top is-layout-flow wp-block-column-is-layout-flow\"><\/div>\n<\/div>\n<\/div>\n\n\n\n<div style=\"height:100px\" aria-hidden=\"true\" class=\"wp-block-spacer\"><\/div>\n\n\n\n<h4 class=\"wp-block-heading\">\u0152uvres de l&rsquo;auteur<\/h4>\n\n\n\n<ul class=\"wp-block-list\">\n<li><a href=\"https:\/\/leseditions.lacompagnieduchatbleu.fr\/index.php\/catalogue-antigone\/\" data-type=\"page\" data-id=\"340\">Antigone<\/a><\/li>\n\n\n\n<li><a href=\"https:\/\/leseditions.lacompagnieduchatbleu.fr\/index.php\/catalogue-monochrome\/\" data-type=\"page\" data-id=\"338\">Monochrome<\/a><\/li>\n\n\n\n<li><a href=\"https:\/\/leseditions.lacompagnieduchatbleu.fr\/index.php\/catalogue-chromes\/\" data-type=\"page\" data-id=\"339\">Chromes<\/a><\/li>\n\n\n\n<li><a href=\"https:\/\/leseditions.lacompagnieduchatbleu.fr\/index.php\/catalogue-polychromes\/\" data-type=\"page\" data-id=\"337\">Polychromes<\/a><\/li>\n\n\n\n<li><a href=\"https:\/\/leseditions.lacompagnieduchatbleu.fr\/index.php\/catalogue-lhomme-qui-aimait-les-porcelets\/\" data-type=\"page\" data-id=\"344\">L&rsquo;homme qui aimait les porcelets<\/a><\/li>\n\n\n\n<li><a href=\"https:\/\/leseditions.lacompagnieduchatbleu.fr\/index.php\/notre-catalogue\/catalogue-premieres-morsures-de-chair-et-autres-succulences\/\" data-type=\"page\" data-id=\"1066\">Premi\u00e8res morsures de chairs\u2026 et autres succulences\u2026<\/a><\/li>\n\n\n\n<li><a href=\"https:\/\/leseditions.lacompagnieduchatbleu.fr\/index.php\/catalogue-la-femme-qui-haissait-les-porcs\/\">La femme qui ha\u00efssait les porcs<\/a><\/li>\n<\/ul>\n\n\n\n<div style=\"height:30px\" aria-hidden=\"true\" class=\"wp-block-spacer\"><\/div>\n<\/div>\n\n\n\n<p><\/p>\n","protected":false},"excerpt":{"rendered":"<p>N\u00e9 dans l&rsquo;Oc\u00e9an Indien au d\u00e9but des ann\u00e9es 60, il revendique son identit\u00e9 \u00ab mascarine \u00bb au confluent de Madagascar, Maurice, Rodrigues et La R\u00e9union. \u00c9crivain francophone, son travail d&rsquo;\u00e9criture est le fruit d&rsquo;un m\u00e9tissage des mondes et des cultures. Vid\u00e9os Entretien \u00b7 Polychromes Entretien \u00b7 Monochrome Entretien \u00b7 Chromes Entretien \u00b7 L&rsquo;homme qui aimait [&hellip;]<\/p>\n","protected":false},"author":1,"featured_media":0,"parent":164,"menu_order":0,"comment_status":"closed","ping_status":"closed","template":"","meta":{"pgc_sgb_lightbox_settings":"","_themeisle_gutenberg_block_has_review":false,"footnotes":""},"class_list":["post-168","page","type-page","status-publish","hentry"],"_links":{"self":[{"href":"https:\/\/leseditions.lacompagnieduchatbleu.fr\/index.php\/wp-json\/wp\/v2\/pages\/168","targetHints":{"allow":["GET"]}}],"collection":[{"href":"https:\/\/leseditions.lacompagnieduchatbleu.fr\/index.php\/wp-json\/wp\/v2\/pages"}],"about":[{"href":"https:\/\/leseditions.lacompagnieduchatbleu.fr\/index.php\/wp-json\/wp\/v2\/types\/page"}],"author":[{"embeddable":true,"href":"https:\/\/leseditions.lacompagnieduchatbleu.fr\/index.php\/wp-json\/wp\/v2\/users\/1"}],"replies":[{"embeddable":true,"href":"https:\/\/leseditions.lacompagnieduchatbleu.fr\/index.php\/wp-json\/wp\/v2\/comments?post=168"}],"version-history":[{"count":26,"href":"https:\/\/leseditions.lacompagnieduchatbleu.fr\/index.php\/wp-json\/wp\/v2\/pages\/168\/revisions"}],"predecessor-version":[{"id":1380,"href":"https:\/\/leseditions.lacompagnieduchatbleu.fr\/index.php\/wp-json\/wp\/v2\/pages\/168\/revisions\/1380"}],"up":[{"embeddable":true,"href":"https:\/\/leseditions.lacompagnieduchatbleu.fr\/index.php\/wp-json\/wp\/v2\/pages\/164"}],"wp:attachment":[{"href":"https:\/\/leseditions.lacompagnieduchatbleu.fr\/index.php\/wp-json\/wp\/v2\/media?parent=168"}],"curies":[{"name":"wp","href":"https:\/\/api.w.org\/{rel}","templated":true}]}}