{"id":29,"date":"2024-09-29T20:15:22","date_gmt":"2024-09-29T18:15:22","guid":{"rendered":"https:\/\/leseditions.lacompagnieduchatbleu.fr\/?page_id=29"},"modified":"2025-01-07T23:02:47","modified_gmt":"2025-01-07T19:02:47","slug":"cercle-poetique","status":"publish","type":"page","link":"https:\/\/leseditions.lacompagnieduchatbleu.fr\/index.php\/cercle-poetique\/","title":{"rendered":"Cercle po\u00e9tique"},"content":{"rendered":"\n<div class=\"wp-block-group alignfull has-global-padding is-layout-constrained wp-block-group-is-layout-constrained has-background\" style=\"padding-top:var(--wp--preset--spacing--10);padding-bottom:var(--wp--preset--spacing--10);background-image:url(&apos;https:\/\/leseditions.lacompagnieduchatbleu.fr\/wp-content\/uploads\/2024\/11\/AL-Roussin-Port-v2.jpg&apos;);background-size:cover;\">\n<div style=\"height:30px\" aria-hidden=\"true\" class=\"wp-block-spacer\"><\/div>\n\n\n\n<div class=\"wp-block-group has-background has-global-padding is-layout-constrained wp-container-core-group-is-layout-86dba5ee wp-block-group-is-layout-constrained\" style=\"background:linear-gradient(180deg,rgba(217,97,61,0.08) 0%,rgba(250,250,250,0.2) 100%);padding-top:var(--wp--preset--spacing--10);padding-right:var(--wp--preset--spacing--10);padding-bottom:var(--wp--preset--spacing--10);padding-left:var(--wp--preset--spacing--10)\">\n<div class=\"wp-block-columns is-layout-flex wp-container-core-columns-is-layout-28f84493 wp-block-columns-is-layout-flex\">\n<div class=\"wp-block-column is-vertically-aligned-top is-layout-flow wp-block-column-is-layout-flow\" style=\"flex-basis:20%\">\n<p style=\"font-size:clamp(3.426rem, 3.426rem + ((1vw - 0.2rem) * 5.957), 7rem);\">\ud83d\udcdc<\/p>\n<\/div>\n\n\n\n<div class=\"wp-block-column is-vertically-aligned-center is-layout-flow wp-block-column-is-layout-flow\" style=\"padding-right:var(--wp--preset--spacing--10);padding-left:var(--wp--preset--spacing--10);flex-basis:80%\">\n<p>Po\u00e9tesses, po\u00e8tes, nous comblons enfin un grand vide en vous permettant d\u00e9sormais de faire conna\u00eetre gratuitement vos \u0153uvres.<\/p>\n\n\n\n<p>Le monde de la po\u00e9sie est merveilleux et nous sommes s\u00fbrs que vous trouverez dans cet espace de libert\u00e9 le moyen de faire d\u00e9couvrir \u00e0 tous vos propres univers.<\/p>\n\n\n\n<p class=\"has-text-align-left\">D\u00e9couvrez comment d\u00e9poser vos \u0153uvres gratuitement sur notre site !<\/p>\n\n\n\n<div class=\"wp-block-buttons is-content-justification-center is-layout-flex wp-container-core-buttons-is-layout-a89b3969 wp-block-buttons-is-layout-flex\">\n<div class=\"wp-block-button\"><a class=\"wp-block-button__link wp-element-button\" href=\"https:\/\/leseditions.lacompagnieduchatbleu.fr\/wp-content\/uploads\/2024\/11\/Reglement-Cercle-poetique2.pdf\" target=\"_blank\" rel=\"noreferrer noopener\">Voir le r\u00e8glement\u2026<\/a><\/div>\n<\/div>\n<\/div>\n<\/div>\n<\/div>\n\n\n\n<div style=\"height:50px\" aria-hidden=\"true\" class=\"wp-block-spacer\"><\/div>\n\n\n\n<div class=\"wp-block-group has-background has-global-padding is-layout-constrained wp-container-core-group-is-layout-86dba5ee wp-block-group-is-layout-constrained\" style=\"background:linear-gradient(180deg,rgba(176,196,163,0.3) 0%,rgba(250,250,250,0.56) 100%);padding-top:var(--wp--preset--spacing--10);padding-right:var(--wp--preset--spacing--10);padding-bottom:var(--wp--preset--spacing--10);padding-left:var(--wp--preset--spacing--10)\">\n<div class=\"wp-block-columns is-layout-flex wp-container-core-columns-is-layout-28f84493 wp-block-columns-is-layout-flex\">\n<div class=\"wp-block-column is-vertically-aligned-center is-layout-flow wp-block-column-is-layout-flow\" style=\"flex-basis:20%\">\n<p style=\"font-size:clamp(3.426rem, 3.426rem + ((1vw - 0.2rem) * 5.957), 7rem);\">\ud83d\udd0e<\/p>\n<\/div>\n\n\n\n<div class=\"wp-block-column is-vertically-aligned-center is-layout-flow wp-block-column-is-layout-flow\" style=\"padding-right:var(--wp--preset--spacing--10);padding-left:var(--wp--preset--spacing--10);flex-basis:80%\">\n<p>Vous pouvez aussi naviguer parmi les po\u00e8mes de notre cercle po\u00e9tique pour y d\u00e9couvrir les p\u00e9pites qu&rsquo;il contient.<\/p>\n<\/div>\n<\/div>\n\n\n\n<p class=\"has-text-align-center\">Commencez votre voyage en choisissant une destination :<\/p>\n\n\n\n<div style=\"height:30px\" aria-hidden=\"true\" class=\"wp-block-spacer\"><\/div>\n\n\n\n<h2 class=\"wp-block-heading has-text-align-center\"><a href=\"https:\/\/leseditions.lacompagnieduchatbleu.fr\/index.php\/cercle-poetique-madagascar\/\">\ud83c\uddf2\ud83c\uddec<\/a> <a href=\"https:\/\/leseditions.lacompagnieduchatbleu.fr\/index.php\/cercle-poetique-madagascar\/\">Madagascar<\/a><\/h2>\n\n\n\n<div style=\"height:40px\" aria-hidden=\"true\" class=\"wp-block-spacer\"><\/div>\n\n\n\n<h2 class=\"wp-block-heading has-text-align-center\"><a href=\"https:\/\/leseditions.lacompagnieduchatbleu.fr\/index.php\/cercle-poetique-ile-maurice\/\">\ud83c\uddf2\ud83c\uddfa<\/a> <a href=\"https:\/\/leseditions.lacompagnieduchatbleu.fr\/index.php\/cercle-poetique-ile-maurice\/\">Maurice<\/a><\/h2>\n\n\n\n<div style=\"height:40px\" aria-hidden=\"true\" class=\"wp-block-spacer\"><\/div>\n\n\n\n<h2 class=\"wp-block-heading has-text-align-center\"><a href=\"https:\/\/leseditions.lacompagnieduchatbleu.fr\/index.php\/cercle-poetique-la-reunion\/\">\ud83c\uddf7\ud83c\uddea<\/a> <a href=\"https:\/\/leseditions.lacompagnieduchatbleu.fr\/index.php\/cercle-poetique-la-reunion\/\">La R\u00e9union<\/a><\/h2>\n\n\n\n<div style=\"height:40px\" aria-hidden=\"true\" class=\"wp-block-spacer\"><\/div>\n<\/div>\n<\/div>\n","protected":false},"excerpt":{"rendered":"<p>\ud83d\udcdc Po\u00e9tesses, po\u00e8tes, nous comblons enfin un grand vide en vous permettant d\u00e9sormais de faire conna\u00eetre gratuitement vos \u0153uvres. Le monde de la po\u00e9sie est merveilleux et nous sommes s\u00fbrs que vous trouverez dans cet espace de libert\u00e9 le moyen de faire d\u00e9couvrir \u00e0 tous vos propres univers. D\u00e9couvrez comment d\u00e9poser vos \u0153uvres gratuitement sur [&hellip;]<\/p>\n","protected":false},"author":1,"featured_media":0,"parent":0,"menu_order":0,"comment_status":"closed","ping_status":"closed","template":"","meta":{"pgc_sgb_lightbox_settings":"","_themeisle_gutenberg_block_has_review":false,"footnotes":""},"class_list":["post-29","page","type-page","status-publish","hentry"],"_links":{"self":[{"href":"https:\/\/leseditions.lacompagnieduchatbleu.fr\/index.php\/wp-json\/wp\/v2\/pages\/29","targetHints":{"allow":["GET"]}}],"collection":[{"href":"https:\/\/leseditions.lacompagnieduchatbleu.fr\/index.php\/wp-json\/wp\/v2\/pages"}],"about":[{"href":"https:\/\/leseditions.lacompagnieduchatbleu.fr\/index.php\/wp-json\/wp\/v2\/types\/page"}],"author":[{"embeddable":true,"href":"https:\/\/leseditions.lacompagnieduchatbleu.fr\/index.php\/wp-json\/wp\/v2\/users\/1"}],"replies":[{"embeddable":true,"href":"https:\/\/leseditions.lacompagnieduchatbleu.fr\/index.php\/wp-json\/wp\/v2\/comments?post=29"}],"version-history":[{"count":40,"href":"https:\/\/leseditions.lacompagnieduchatbleu.fr\/index.php\/wp-json\/wp\/v2\/pages\/29\/revisions"}],"predecessor-version":[{"id":1279,"href":"https:\/\/leseditions.lacompagnieduchatbleu.fr\/index.php\/wp-json\/wp\/v2\/pages\/29\/revisions\/1279"}],"wp:attachment":[{"href":"https:\/\/leseditions.lacompagnieduchatbleu.fr\/index.php\/wp-json\/wp\/v2\/media?parent=29"}],"curies":[{"name":"wp","href":"https:\/\/api.w.org\/{rel}","templated":true}]}}