{"id":3,"date":"2024-09-29T19:33:45","date_gmt":"2024-09-29T17:33:45","guid":{"rendered":"http:\/\/leseditions.lacompagnieduchatbleu.fr\/?page_id=3"},"modified":"2025-01-25T08:38:16","modified_gmt":"2025-01-25T04:38:16","slug":"politique-de-confidentialite","status":"publish","type":"page","link":"https:\/\/leseditions.lacompagnieduchatbleu.fr\/index.php\/politique-de-confidentialite\/","title":{"rendered":"Politique de confidentialit\u00e9"},"content":{"rendered":"\n<div class=\"wp-block-group alignfull has-background has-global-padding is-layout-constrained wp-container-core-group-is-layout-9597dc02 wp-block-group-is-layout-constrained\" style=\"background:linear-gradient(180deg,rgb(237,236,232) 0%,rgb(249,249,249) 100%);padding-top:var(--wp--preset--spacing--10);padding-right:var(--wp--preset--spacing--10);padding-bottom:var(--wp--preset--spacing--10);padding-left:var(--wp--preset--spacing--10)\">\n<div style=\"height:30px\" aria-hidden=\"true\" class=\"wp-block-spacer\"><\/div>\n\n\n\n<h4 class=\"wp-block-heading\">1 &#8211; QUI SOMMES-NOUS&nbsp;?<\/h4>\n\n\n\n<p>L\u2019adresse de notre site Web est&nbsp;: <a href=\"https:\/\/leseditions.lacompagnieduchatbleu.fr\/\">https:\/\/leseditions.lacompagnieduchatbleu.fr\/<\/a><\/p>\n\n\n\n<div style=\"height:30px\" aria-hidden=\"true\" class=\"wp-block-spacer\"><\/div>\n\n\n\n<h4 class=\"wp-block-heading\">2 &#8211; CR\u00c9DITS<\/h4>\n\n\n\n<h4 class=\"wp-block-heading\">\u00c9diteur<\/h4>\n\n\n\n<p><em><strong>La Compagnie du Chat Bleu<\/strong><\/em><\/p>\n\n\n\n<p>22, rue Vend\u00f4me<\/p>\n\n\n\n<p>97438 Sainte-Marie<\/p>\n\n\n\n<p>+262 693 92 12 91<\/p>\n\n\n\n<h4 class=\"wp-block-heading\">Cr\u00e9ation graphique<\/h4>\n\n\n\n<p><em><strong>La Compagnie du Chat Bleu<\/strong><\/em><\/p>\n\n\n\n<p><a href=\"https:\/\/leseditions.lacompagnieduchatbleu.fr\/\">https:\/\/leseditions.lacompagnieduchatbleu.fr\/<\/a><\/p>\n\n\n\n<h4 class=\"wp-block-heading\">R\u00e9alisation et d\u00e9veloppement :<\/h4>\n\n\n\n<p><strong><em>La Compagnie du Chat Bleu<\/em><\/strong><\/p>\n\n\n\n<p><a href=\"https:\/\/leseditions.lacompagnieduchatbleu.fr\/\">https:\/\/leseditions.lacompagnieduchatbleu.fr\/<\/a><\/p>\n\n\n\n<h4 class=\"wp-block-heading\">H\u00e9bergement : OVH<\/h4>\n\n\n\n<p>SAS au capital de 10 069 020 \u20ac<br>RCS Lille M\u00e9tropole 424 761 419 00045<br>Code APE 2620Z<br>N\u00b0 TVA : FR 22 424 761 419<br>Si\u00e8ge social : 2 rue Kellermann &#8211; 59100 Roubaix &#8211; France<\/p>\n\n\n\n<div style=\"height:30px\" aria-hidden=\"true\" class=\"wp-block-spacer\"><\/div>\n\n\n\n<h4 class=\"wp-block-heading\">3 &#8211; CONTENU DES INFORMATIONS<\/h4>\n\n\n\n<p>Les informations et donn\u00e9es contenues sur ce site Internet sont donn\u00e9es \u00e0 titre indicatif et ne sont pas contractuelles. Les informations peuvent faire l\u2019objet de modifications sans pr\u00e9avis. Si, malgr\u00e9 notre vigilance, vous constatez des erreurs sur ce site, n\u2019h\u00e9sitez pas \u00e0 nous en faire part en \u00e9crivant \u00e0 : <a href=\"mailto:lacompagnieduchatbleu@laposte.net\">lacompagnieduchatbleu@laposte.net<\/a><\/p>\n\n\n\n<div style=\"height:30px\" aria-hidden=\"true\" class=\"wp-block-spacer\"><\/div>\n\n\n\n<h4 class=\"wp-block-heading\">4 &#8211; DROITS D\u2019AUTEURS<\/h4>\n\n\n\n<p>Tous les droits de reproduction sont r\u00e9serv\u00e9s, y compris pour les documents t\u00e9l\u00e9chargeables et les repr\u00e9sentations iconographiques et photographiques, y compris les technologies sous-jacentes ou tout autre contenu diffus\u00e9 sur le site. Par cons\u00e9quent, les internautes ne peuvent utiliser ces \u00e9l\u00e9ments qu\u2019\u00e0 des fins exclusivement priv\u00e9es (cercle familial).<br>La reproduction de tout ou partie de ce site sur un support \u00e9lectronique quel qu\u2019il soit est formellement interdite sauf autorisation du Directeur de la publication.<\/p>\n\n\n\n<div style=\"height:30px\" aria-hidden=\"true\" class=\"wp-block-spacer\"><\/div>\n\n\n\n<h4 class=\"wp-block-heading\">5 &#8211; PROTECTION DES DONN\u00c9ES PERSONNELLES<\/h4>\n\n\n\n<h5 class=\"wp-block-heading\">A &#8211; Utilisation des donn\u00e9es personnelles collect\u00e9es<\/h5>\n\n\n\n<p>Les informations recueillies par le biais de ce site Internet sur des formulaires ou par e-mail sont uniquement destin\u00e9es \u00e0 La Compagnie du Chat Bleu et \u00e0 ses partenaires. Elles ne peuvent en aucun cas \u00eatre transmises \u00e0 des tiers.<\/p>\n\n\n\n<p>Le syst\u00e8me d\u2019information Internet de lacompagnieduchatbleu.fr est en cours d\u2019enregistrement \u00e0 la CNIL (Commission Nationale Informatique et Libert\u00e9). Conform\u00e9ment \u00e0 la loi informatique et libert\u00e9 du 6 janvier 1978 (article 27), vous disposez d\u2019un droit d\u2019acc\u00e8s, de rectification et de r\u00e9tractation de la mise \u00e0 disposition des donn\u00e9es vous concernant.<br>Par simple courrier \u00e9lectronique, \u00e0  l\u2019adresse e-mail secretariat_at_lacompagnieduchatbleu.fr (<em>anti-spam : remplacer \u00ab _at_ \u00bb par \u00ab @ \u00bb<\/em>) ou par le formulaire de contact, vous pourrez demander la suppression des informations vous concernant.<\/p>\n\n\n\n<p>Vous pouvez consulter en ligne la LOI N\u00b078-17 DU 6 JANVIER 1978 (<a href=\"https:\/\/www.cnil.fr\/fr\/la-loi-informatique-et-libertes\">https:\/\/www.cnil.fr\/fr\/la-loi-informatique-et-libertes<\/a>) relative \u00e0 l\u2019informatique, aux fichiers et aux libert\u00e9s.<\/p>\n\n\n\n<p>Pour les utilisateurs et utilisatrices qui s\u2019inscrivent sur notre site (si cela est possible), nous stockons \u00e9galement les donn\u00e9es personnelles indiqu\u00e9es dans leur profil. Tous les utilisateurs et utilisatrices peuvent voir, modifier ou supprimer leurs informations personnelles \u00e0 tout moment (\u00e0 l\u2019exception de leur nom d\u2019utilisateur\u00b7trice). Les gestionnaires du site peuvent aussi voir et modifier ces informations.<\/p>\n\n\n\n<p>En outre, toute cr\u00e9ation de compte sur notre site, et ce, m\u00eame si cette derni\u00e8re n&rsquo;est pas r\u00e9alis\u00e9e en totalit\u00e9, \u00e9quivaut \u00e0 l&rsquo;accord de l&rsquo;utilisateur\u00b7trice pour que son adresse e-mail soit utilis\u00e9e \u00e0 des fins de campagnes d&rsquo;information.<\/p>\n\n\n\n<p>Il en va de m\u00eame pour toute utilisation des formulaires de contact pr\u00e9sents sur notre Site.<\/p>\n\n\n\n<h5 class=\"wp-block-heading\">B &#8211; Commentaires<\/h5>\n\n\n\n<p>Quand vous laissez un commentaire sur notre site web, les donn\u00e9es inscrites dans le formulaire de commentaire, mais aussi votre adresse IP et l\u2019agent utilisateur de votre navigateur sont collect\u00e9s pour nous aider \u00e0 la d\u00e9tection des commentaires ind\u00e9sirables.<\/p>\n\n\n\n<p>Une cha\u00eene anonymis\u00e9e cr\u00e9\u00e9e \u00e0 partir de votre adresse de messagerie (\u00e9galement appel\u00e9e hash) peut \u00eatre envoy\u00e9e au service Gravatar pour v\u00e9rifier si vous utilisez ce dernier. Les clauses de confidentialit\u00e9 du service Gravatar sont disponibles \u00e0 l&rsquo;adresse suivante&nbsp;: <\/p>\n\n\n\n<p><a href=\"https:\/\/automattic.com\/privacy\/\">https:\/\/automattic.com\/privacy\/<\/a><\/p>\n\n\n\n<p>Apr\u00e8s validation de votre commentaire, votre photo de profil sera visible publiquement \u00e0 cot\u00e9 de votre commentaire.<\/p>\n\n\n\n<p>Si vous laissez un commentaire, le commentaire et ses m\u00e9tadonn\u00e9es sont conserv\u00e9s ind\u00e9finiment. Cela permet de reconna\u00eetre et approuver automatiquement les commentaires suivants au lieu de les laisser dans la file de mod\u00e9ration.<\/p>\n\n\n\n<p>Si vous avez un compte ou si vous avez laiss\u00e9 des commentaires sur le site, vous pouvez demander \u00e0 recevoir un fichier contenant toutes les donn\u00e9es personnelles que nous poss\u00e9dons \u00e0 votre sujet, incluant celles que vous nous avez fournies. Vous pouvez \u00e9galement demander la suppression des donn\u00e9es personnelles vous concernant. Cela ne prend pas en compte les donn\u00e9es stock\u00e9es \u00e0 des fins administratives, l\u00e9gales ou pour des raisons de s\u00e9curit\u00e9.<\/p>\n\n\n\n<h5 class=\"wp-block-heading\">C &#8211; M\u00e9dias<\/h5>\n\n\n\n<p>Si vous \u00eates un utilisateur ou une utilisatrice enregistr\u00e9\u00b7e et que vous t\u00e9l\u00e9versez des images sur le site web, nous vous conseillons d\u2019\u00e9viter de t\u00e9l\u00e9verser des images contenant des donn\u00e9es EXIF de coordonn\u00e9es GPS. Les visiteurs de votre site web peuvent t\u00e9l\u00e9charger et extraire des donn\u00e9es de localisation depuis ces images.<\/p>\n\n\n\n<h5 class=\"wp-block-heading\">D &#8211; Formulaires de contact<\/h5>\n\n\n\n<p>Toutes les informations recueillies par les formulaires de contact font l\u2019objet d\u2019un traitement conforme \u00e0 la r\u00e8glementation en mati\u00e8re de donn\u00e9es personnelles, et conforme aux r\u00e8gles du pr\u00e9sent site, qui sont notamment pos\u00e9es dans les <a href=\"https:\/\/leseditions.lacompagnieduchatbleu.fr\/index.php\/conditions-generales-dutilisation\/\">CGU<\/a>.<\/p>\n\n\n\n<h5 class=\"wp-block-heading\">E &#8211; Virus<\/h5>\n\n\n\n<p>La SAS La Compagnie du Chat Bleu n\u2019assume aucune responsabilit\u00e9 et ne sera en aucun cas responsable pour tout dommage caus\u00e9 par un virus informatique qui pourrait affecter votre \u00e9quipement informatique, ou tout autre \u00e9quipement qui vous serait n\u00e9cessaire pour l\u2019acc\u00e8s \u00e0 l\u2019utilisation ou \u00e0 la navigation sur le site Internet, ou au t\u00e9l\u00e9chargement \u00e0 partir du site Internet de tous \u00e9l\u00e9ments, donn\u00e9es, textes, images, \u00e9l\u00e9ments vid\u00e9os ou sonores.<\/p>\n\n\n\n<h5 class=\"wp-block-heading\">Droit applicable-litiges<\/h5>\n\n\n\n<p>Les r\u00e9clamations ou contestations seront toujours re\u00e7ues avec bienveillance attentive, la bonne foi \u00e9tant toujours pr\u00e9sum\u00e9e chez celui qui prend la peine d\u2019exposer ses situations.<br>En cas de litige, vous effectuerez vos r\u00e9clamations aupr\u00e8s de&nbsp;:<\/p>\n\n\n\n<p><strong>La Compagnie du Chat Bleu<\/strong><br><strong>22, rue Vend\u00f4me<\/strong><br><strong>97438 Sainte-Marie<\/strong><br><strong>+262 693 92 12 91<\/strong><\/p>\n\n\n\n<h5 class=\"wp-block-heading\">F &#8211; Cookies<\/h5>\n\n\n\n<p>Lors de la navigation sur notre site <a href=\"https:\/\/leseditions.lacompagnieduchatbleu.fr\/\">https:\/\/leseditions.lacompagnieduchatbleu.fr\/<\/a>,&nbsp; des cookies sont d\u00e9pos\u00e9s sur votre ordinateur ou votre appareil mobile.<\/p>\n\n\n\n<p>Les cookies ont pour but d\u2019am\u00e9liorer votre navigation sur notre portail.<\/p>\n\n\n\n<p>Le cookie est l&rsquo;\u00e9quivalent d&rsquo;un petit fichier texte stock\u00e9 votre terminal. Il a pour but de collecter des informations relatives \u00e0 votre navigation et de vous adresser des services adapt\u00e9s \u00e0 votre terminal. Les cookies sont g\u00e9r\u00e9s par votre navigateur internet.<\/p>\n\n\n\n<p>Si vous d\u00e9posez un commentaire sur notre site, il vous sera propos\u00e9 d\u2019enregistrer votre nom, adresse de messagerie et site web dans des cookies. C\u2019est uniquement pour votre confort afin de ne pas avoir \u00e0 saisir ces informations si vous d\u00e9posez un autre commentaire plus tard. Ces cookies expirent au bout d\u2019un an.<br>Si vous vous rendez sur la page de connexion, un cookie temporaire sera cr\u00e9\u00e9 afin de d\u00e9terminer si votre navigateur accepte les cookies. Il ne contient pas de donn\u00e9es personnelles et sera supprim\u00e9 automatiquement \u00e0 la fermeture de votre navigateur.<\/p>\n\n\n\n<p>Lorsque vous vous connecterez, nous mettrons en place un certain nombre de cookies pour enregistrer vos informations de connexion et vos pr\u00e9f\u00e9rences d\u2019\u00e9cran. La dur\u00e9e de vie d\u2019un cookie de connexion est de deux jours, celle d\u2019un cookie d\u2019option d\u2019\u00e9cran est d\u2019un an. Si vous cochez \u00ab&nbsp;Se souvenir de moi&nbsp;\u00bb, votre cookie de connexion sera conserv\u00e9 pendant deux semaines. Si vous vous d\u00e9connectez de votre compte, le cookie de connexion sera effac\u00e9.<\/p>\n\n\n\n<p>En modifiant ou en publiant une publication, un cookie suppl\u00e9mentaire sera enregistr\u00e9 dans votre navigateur. Ce cookie ne comprend aucune donn\u00e9e personnelle. Il indique simplement l\u2019ID de la publication que vous venez de modifier. Il expire au bout d\u2019un jour.<\/p>\n\n\n\n<div style=\"height:30px\" aria-hidden=\"true\" class=\"wp-block-spacer\"><\/div>\n\n\n\n<h4 class=\"wp-block-heading\">Contenu embarqu\u00e9 depuis d\u2019autres sites<\/h4>\n\n\n\n<p>Les articles de ce site peuvent inclure des contenus int\u00e9gr\u00e9s (par exemple des vid\u00e9os, images, articles\u2026). Le contenu int\u00e9gr\u00e9 depuis d\u2019autres sites se comporte de la m\u00eame mani\u00e8re que si le visiteur se rendait sur cet autre site.<\/p>\n\n\n\n<p>Ces sites web pourraient collecter des donn\u00e9es sur vous, utiliser des cookies, embarquer des outils de suivis tiers, suivre vos interactions avec ces contenus embarqu\u00e9s si vous disposez d\u2019un compte connect\u00e9 sur leur site web.<\/p>\n\n\n\n<div style=\"height:30px\" aria-hidden=\"true\" class=\"wp-block-spacer\"><\/div>\n\n\n\n<h4 class=\"wp-block-heading\">Les diff\u00e9rents \u00e9metteurs<\/h4>\n\n\n\n<p>Les cookies du site <a href=\"https:\/\/leseditions.lacompagnieduchatbleu.fr\/\">https:\/\/leseditions.lacompagnieduchatbleu.fr\/<\/a> ont aussi pour but de mesurer les visites du site Internet et d\u2019adapter nos contenus \u00e0 vos besoins.<\/p>\n\n\n\n<p>Les cookies tiers peuvent \u00eatre d\u00e9pos\u00e9s quand vous naviguez sur notre site, lorsque vous partagez certaines infos. Ces cookies sont soumis \u00e0 la protection des donn\u00e9es dans le cadre de la Loi Informatique et libert\u00e9.<\/p>\n\n\n\n<div style=\"height:30px\" aria-hidden=\"true\" class=\"wp-block-spacer\"><\/div>\n\n\n\n<h4 class=\"wp-block-heading\">Param\u00e9trer votre navigateur internet<\/h4>\n\n\n\n<p>Nota bene : Les informations concernant ledit param\u00e9trage peuvent devenir obsol\u00e8te suite \u00e0 la mise \u00e0 jour de votre navigateur. Nous faisons de notre mieux pour mettre \u00e0 jour cette section.<\/p>\n\n\n\n<p>Vous pouvez \u00e0 tout moment choisir de d\u00e9sactiver ces cookies. Votre navigateur peut \u00e9galement \u00eatre param\u00e9tr\u00e9 pour vous signaler les cookies qui sont d\u00e9pos\u00e9s dans votre ordinateur et vous demander de les accepter ou pas.<\/p>\n\n\n\n<p>Vous pouvez accepter ou refuser les cookies au cas par cas ou bien les refuser syst\u00e9matiquement. Si vous refusez l\u2019ensemble des cookies, certains contenus ou fonctions vous seront inaccessibles.<\/p>\n\n\n\n<div style=\"height:30px\" aria-hidden=\"true\" class=\"wp-block-spacer\"><\/div>\n\n\n\n<h5 class=\"wp-block-heading\">Internet Explorer (Windows)<\/h5>\n\n\n\n<ol class=\"wp-block-list\">\n<li>Dans Internet Explorer, cliquez sur le bouton \u00ab Outils \u00bb, puis sur \u00ab Options Internet \u00bb.<\/li>\n\n\n\n<li>Sous l&rsquo;onglet \u00ab G\u00e9n\u00e9ral \u00bb, sous \u00ab Historique de navigation \u00bb, cliquez sur Param\u00e8tres.<\/li>\n\n\n\n<li>Cliquez sur le bouton Afficher les fichiers.<\/li>\n<\/ol>\n\n\n\n<div style=\"height:30px\" aria-hidden=\"true\" class=\"wp-block-spacer\"><\/div>\n\n\n\n<h5 class=\"wp-block-heading\">Firefox (Windows)<\/h5>\n\n\n\n<ol class=\"wp-block-list\">\n<li>Allez dans l&rsquo;onglet \u00ab Outils \u00bb du navigateur puis s\u00e9lectionnez le menu \u00ab Options \u00bb.<\/li>\n\n\n\n<li>Dans la fen\u00eatre qui s&rsquo;affiche, choisissez \u00ab Vie priv\u00e9e \u00bb et cliquez sur \u00ab Affichez les cookies \u00bb.<\/li>\n<\/ol>\n\n\n\n<div style=\"height:30px\" aria-hidden=\"true\" class=\"wp-block-spacer\"><\/div>\n\n\n\n<h5 class=\"wp-block-heading\">Safari<\/h5>\n\n\n\n<ol class=\"wp-block-list\">\n<li>Dans votre navigateur, choisissez le menu \u00ab \u00c9dition \u00bb &gt; \u00ab Pr\u00e9f\u00e9rences \u00bb.<\/li>\n\n\n\n<li>Cliquez sur \u00ab S\u00e9curit\u00e9 \u00bb, puis sur \u00ab Afficher les cookies \u00bb.<\/li>\n<\/ol>\n\n\n\n<div style=\"height:30px\" aria-hidden=\"true\" class=\"wp-block-spacer\"><\/div>\n\n\n\n<h5 class=\"wp-block-heading\">Google Chrome<\/h5>\n\n\n\n<ol class=\"wp-block-list\">\n<li>Cliquez sur l&rsquo;ic\u00f4ne du menu \u00ab Outils \u00bb.<\/li>\n\n\n\n<li>S\u00e9lectionnez \u00ab&nbsp;Options&nbsp;\u00bb.<\/li>\n\n\n\n<li>Cliquez sur l&rsquo;onglet \u00ab Options avanc\u00e9es \u00bb et acc\u00e9dez \u00e0 la section \u00ab Confidentialit\u00e9 \u00bb.<\/li>\n\n\n\n<li>Cliquez sur le bouton \u00ab Afficher les cookies \u00bb.<\/li>\n<\/ol>\n<\/div>\n\n\n\n<div style=\"height:30px\" aria-hidden=\"true\" class=\"wp-block-spacer\"><\/div>\n","protected":false},"excerpt":{"rendered":"<p>1 &#8211; QUI SOMMES-NOUS&nbsp;? L\u2019adresse de notre site Web est&nbsp;: https:\/\/leseditions.lacompagnieduchatbleu.fr\/ 2 &#8211; CR\u00c9DITS \u00c9diteur La Compagnie du Chat Bleu 22, rue Vend\u00f4me 97438 Sainte-Marie +262 693 92 12 91 Cr\u00e9ation graphique La Compagnie du Chat Bleu https:\/\/leseditions.lacompagnieduchatbleu.fr\/ R\u00e9alisation et d\u00e9veloppement : La Compagnie du Chat Bleu https:\/\/leseditions.lacompagnieduchatbleu.fr\/ H\u00e9bergement : OVH SAS au capital de [&hellip;]<\/p>\n","protected":false},"author":1,"featured_media":0,"parent":0,"menu_order":0,"comment_status":"closed","ping_status":"open","template":"","meta":{"pgc_sgb_lightbox_settings":"","_themeisle_gutenberg_block_has_review":false,"footnotes":""},"class_list":["post-3","page","type-page","status-publish","hentry"],"_links":{"self":[{"href":"https:\/\/leseditions.lacompagnieduchatbleu.fr\/index.php\/wp-json\/wp\/v2\/pages\/3","targetHints":{"allow":["GET"]}}],"collection":[{"href":"https:\/\/leseditions.lacompagnieduchatbleu.fr\/index.php\/wp-json\/wp\/v2\/pages"}],"about":[{"href":"https:\/\/leseditions.lacompagnieduchatbleu.fr\/index.php\/wp-json\/wp\/v2\/types\/page"}],"author":[{"embeddable":true,"href":"https:\/\/leseditions.lacompagnieduchatbleu.fr\/index.php\/wp-json\/wp\/v2\/users\/1"}],"replies":[{"embeddable":true,"href":"https:\/\/leseditions.lacompagnieduchatbleu.fr\/index.php\/wp-json\/wp\/v2\/comments?post=3"}],"version-history":[{"count":11,"href":"https:\/\/leseditions.lacompagnieduchatbleu.fr\/index.php\/wp-json\/wp\/v2\/pages\/3\/revisions"}],"predecessor-version":[{"id":1103,"href":"https:\/\/leseditions.lacompagnieduchatbleu.fr\/index.php\/wp-json\/wp\/v2\/pages\/3\/revisions\/1103"}],"wp:attachment":[{"href":"https:\/\/leseditions.lacompagnieduchatbleu.fr\/index.php\/wp-json\/wp\/v2\/media?parent=3"}],"curies":[{"name":"wp","href":"https:\/\/api.w.org\/{rel}","templated":true}]}}