{"id":337,"date":"2024-11-07T03:56:03","date_gmt":"2024-11-07T02:56:03","guid":{"rendered":"https:\/\/leseditions.lacompagnieduchatbleu.fr\/?page_id=337"},"modified":"2024-12-11T19:13:26","modified_gmt":"2024-12-11T18:13:26","slug":"catalogue-polychromes","status":"publish","type":"page","link":"https:\/\/leseditions.lacompagnieduchatbleu.fr\/index.php\/notre-catalogue\/catalogue-polychromes\/","title":{"rendered":"Catalogue : Polychromes"},"content":{"rendered":"\n<div class=\"wp-block-group alignfull has-background has-global-padding is-layout-constrained wp-block-group-is-layout-constrained\" style=\"background:linear-gradient(180deg,rgb(237,236,232) 0%,rgb(249,249,249) 100%)\">\n<div style=\"height:30px\" aria-hidden=\"true\" class=\"wp-block-spacer\"><\/div>\n\n\n\n<div class=\"wp-block-buttons alignwide is-layout-flex wp-block-buttons-is-layout-flex\">\n<div class=\"wp-block-button\"><a class=\"wp-block-button__link wp-element-button\" href=\"https:\/\/leseditions.lacompagnieduchatbleu.fr\/index.php\/notre-catalogue\/\">Retour<\/a><\/div>\n<\/div>\n\n\n\n<figure class=\"wp-block-image size-full\"><img loading=\"lazy\" decoding=\"async\" width=\"200\" height=\"327\" src=\"https:\/\/leseditions.lacompagnieduchatbleu.fr\/wp-content\/uploads\/2024\/11\/1ere-de-couv-Polychromes_w_padding_200px.jpg\" alt=\"\" class=\"wp-image-292\" style=\"box-shadow:var(--wp--preset--shadow--deep)\" srcset=\"https:\/\/leseditions.lacompagnieduchatbleu.fr\/wp-content\/uploads\/2024\/11\/1ere-de-couv-Polychromes_w_padding_200px.jpg 200w, https:\/\/leseditions.lacompagnieduchatbleu.fr\/wp-content\/uploads\/2024\/11\/1ere-de-couv-Polychromes_w_padding_200px-183x300.jpg 183w, https:\/\/leseditions.lacompagnieduchatbleu.fr\/wp-content\/uploads\/2024\/11\/1ere-de-couv-Polychromes_w_padding_200px-150x245.jpg 150w\" sizes=\"auto, (max-width: 200px) 100vw, 200px\" \/><\/figure>\n\n\n\n<p>ISBN : 978-2-95626-600-6<\/p>\n\n\n\n<p>Auteur : <a href=\"https:\/\/leseditions.lacompagnieduchatbleu.fr\/index.php\/nos-auteurs\/auteur-olivier-collin-dufresne\/\" data-type=\"page\" data-id=\"168\">Olivier Collin Dufresne<\/a><\/p>\n\n\n\n<p><em>Voici des \u00ab tranches \u00bb inattendues des mondes pass\u00e9s et<br>pr\u00e9sents, des humanit\u00e9s convoqu\u00e9es \u00e0 la table des<br>grandes souffrances et des grandes esp\u00e9rances. De \u00ab Cases<br>Blanches \u00bb \u00e0 \u00ab AMIA \u00bb, l&rsquo;auteur appelle l&rsquo;Autre \u00e0 regarder<br>l&rsquo;univers qui est le sien, et \u00e0 refuser la violence, et ses multi-<br>ples masques.<\/em><\/p>\n\n\n\n<p><em>Cette violence, souvent brutalement visible, est \u00e9galement<br>invisible. Venue de l&rsquo;ext\u00e9rieur, elle nous transperce. Mais<br>parfois, malgr\u00e9 soi, elle s&rsquo;insinue jusqu&rsquo;au bout de nos<br>fantasmes, et s&rsquo;invite au festin de nos vies. Polychromes,<br>qui est un recueil de sept nouvelles, est une injonction<br>d&rsquo;humanit\u00e9, une n\u00e9cessit\u00e9 pour les g\u00e9n\u00e9rations futures.<\/em><\/p>\n\n\n\n<p><em>L&rsquo;auteur qui vit \u00e0 La R\u00e9union, revendique l&rsquo;universalit\u00e9 de<br>son refus de la violence, malgr\u00e9 les mille mondes \u00e9clat\u00e9s<br>du temps pr\u00e9sent. Son travail est un continuel refus de<br>l&rsquo;ali\u00e9nation de l&rsquo;homme actuel, happ\u00e9 par la \u00ab main invisi-<br>ble \u00bb des fausses modernit\u00e9s.<\/em><\/p>\n\n\n\n<div class=\"wp-block-buttons is-content-justification-center is-layout-flex wp-container-core-buttons-is-layout-a89b3969 wp-block-buttons-is-layout-flex\">\n<div class=\"wp-block-button\"><a class=\"wp-block-button__link wp-element-button\" href=\"https:\/\/leseditions.lacompagnieduchatbleu.fr\/index.php\/produit\/polychromes\/\">Acheter<\/a><\/div>\n<\/div>\n\n\n\n<div style=\"height:50px\" aria-hidden=\"true\" class=\"wp-block-spacer\"><\/div>\n<\/div>\n","protected":false},"excerpt":{"rendered":"<p>ISBN : 978-2-95626-600-6 Auteur : Olivier Collin Dufresne Voici des \u00ab tranches \u00bb inattendues des mondes pass\u00e9s etpr\u00e9sents, des humanit\u00e9s convoqu\u00e9es \u00e0 la table desgrandes souffrances et des grandes esp\u00e9rances. De \u00ab CasesBlanches \u00bb \u00e0 \u00ab AMIA \u00bb, l&rsquo;auteur appelle l&rsquo;Autre \u00e0 regarderl&rsquo;univers qui est le sien, et \u00e0 refuser la violence, et ses multi-ples [&hellip;]<\/p>\n","protected":false},"author":1,"featured_media":0,"parent":166,"menu_order":0,"comment_status":"closed","ping_status":"closed","template":"","meta":{"pgc_sgb_lightbox_settings":"","_themeisle_gutenberg_block_has_review":false,"footnotes":""},"class_list":["post-337","page","type-page","status-publish","hentry"],"_links":{"self":[{"href":"https:\/\/leseditions.lacompagnieduchatbleu.fr\/index.php\/wp-json\/wp\/v2\/pages\/337","targetHints":{"allow":["GET"]}}],"collection":[{"href":"https:\/\/leseditions.lacompagnieduchatbleu.fr\/index.php\/wp-json\/wp\/v2\/pages"}],"about":[{"href":"https:\/\/leseditions.lacompagnieduchatbleu.fr\/index.php\/wp-json\/wp\/v2\/types\/page"}],"author":[{"embeddable":true,"href":"https:\/\/leseditions.lacompagnieduchatbleu.fr\/index.php\/wp-json\/wp\/v2\/users\/1"}],"replies":[{"embeddable":true,"href":"https:\/\/leseditions.lacompagnieduchatbleu.fr\/index.php\/wp-json\/wp\/v2\/comments?post=337"}],"version-history":[{"count":7,"href":"https:\/\/leseditions.lacompagnieduchatbleu.fr\/index.php\/wp-json\/wp\/v2\/pages\/337\/revisions"}],"predecessor-version":[{"id":959,"href":"https:\/\/leseditions.lacompagnieduchatbleu.fr\/index.php\/wp-json\/wp\/v2\/pages\/337\/revisions\/959"}],"up":[{"embeddable":true,"href":"https:\/\/leseditions.lacompagnieduchatbleu.fr\/index.php\/wp-json\/wp\/v2\/pages\/166"}],"wp:attachment":[{"href":"https:\/\/leseditions.lacompagnieduchatbleu.fr\/index.php\/wp-json\/wp\/v2\/media?parent=337"}],"curies":[{"name":"wp","href":"https:\/\/api.w.org\/{rel}","templated":true}]}}