{"id":340,"date":"2024-11-07T03:56:32","date_gmt":"2024-11-07T02:56:32","guid":{"rendered":"https:\/\/leseditions.lacompagnieduchatbleu.fr\/?page_id=340"},"modified":"2024-12-11T19:11:56","modified_gmt":"2024-12-11T18:11:56","slug":"catalogue-antigone","status":"publish","type":"page","link":"https:\/\/leseditions.lacompagnieduchatbleu.fr\/index.php\/notre-catalogue\/catalogue-antigone\/","title":{"rendered":"Catalogue : Antigone"},"content":{"rendered":"\n<div class=\"wp-block-group alignfull has-background has-global-padding is-layout-constrained wp-block-group-is-layout-constrained\" style=\"background:linear-gradient(180deg,rgb(237,236,232) 0%,rgb(249,249,249) 100%)\">\n<div style=\"height:30px\" aria-hidden=\"true\" class=\"wp-block-spacer\"><\/div>\n\n\n\n<div class=\"wp-block-buttons alignwide is-layout-flex wp-block-buttons-is-layout-flex\">\n<div class=\"wp-block-button\"><a class=\"wp-block-button__link wp-element-button\" href=\"https:\/\/leseditions.lacompagnieduchatbleu.fr\/index.php\/notre-catalogue\/\">Retour<\/a><\/div>\n<\/div>\n\n\n\n<figure class=\"wp-block-image size-full\"><img loading=\"lazy\" decoding=\"async\" width=\"200\" height=\"327\" src=\"https:\/\/leseditions.lacompagnieduchatbleu.fr\/wp-content\/uploads\/2024\/11\/1ere-de-couv-Antigone_200px.jpg\" alt=\"\" class=\"wp-image-287\" style=\"box-shadow:var(--wp--preset--shadow--deep)\" srcset=\"https:\/\/leseditions.lacompagnieduchatbleu.fr\/wp-content\/uploads\/2024\/11\/1ere-de-couv-Antigone_200px.jpg 200w, https:\/\/leseditions.lacompagnieduchatbleu.fr\/wp-content\/uploads\/2024\/11\/1ere-de-couv-Antigone_200px-183x300.jpg 183w, https:\/\/leseditions.lacompagnieduchatbleu.fr\/wp-content\/uploads\/2024\/11\/1ere-de-couv-Antigone_200px-150x245.jpg 150w\" sizes=\"auto, (max-width: 200px) 100vw, 200px\" \/><\/figure>\n\n\n\n<p>ISBN : 978-2-95626-601-3<\/p>\n\n\n\n<p>Auteur : <a href=\"https:\/\/leseditions.lacompagnieduchatbleu.fr\/index.php\/nos-auteurs\/auteur-olivier-collin-dufresne\/\" data-type=\"page\" data-id=\"168\"><strong>Olivier Collin Dufresne<\/strong><\/a><\/p>\n\n\n\n<p><em>Dire \u201cnon\u201d par amour ! Voil\u00e0 le vrai miracle ! Le miracle de<br>l\u2019humanit\u00e9, le miracle du respect de soi et des autres. Comment<br>d\u00e8s lors ne pas tomber en admiration devant cette femme, n\u00e9e<br>aux alentours de 450 av. J.-C\u2026 devant Antigone ?<\/em><\/p>\n\n\n\n<p><em>Antigone, c\u2019est celle qui n\u2019accepte pas ! C\u2019est celle qui refuse<br>l\u2019ordre social des choses, quand il remet en cause l\u2019imp\u00e9ratif<br>cat\u00e9gorique d\u2019humanit\u00e9, l\u2019in\u00e9luctable force de l\u2019Amour\u2026<\/em><br><\/p>\n\n\n\n<p><em>\u2026Voil\u00e0. Nous allons vous proposer l\u2019histoire d\u2019Antigone.<br>Antigone, c\u2019est cette femme que vous allez rencontrer, et qui va<br>vous dire tant de choses.<\/em><br><\/p>\n\n\n\n<p><em>En vous parlant, elle vous regardera droit dans les yeux. Elle<br>pensera. Elle pensera qu\u2019elle a \u00e9t\u00e9 Antigone, et qu\u2019elle le sera \u00e0<br>nouveau tout \u00e0 l\u2019heure, devant vous, et qu\u2019elle surgira\u2026<\/em><\/p>\n\n\n\n<div class=\"wp-block-buttons is-content-justification-center is-layout-flex wp-container-core-buttons-is-layout-a89b3969 wp-block-buttons-is-layout-flex\">\n<div class=\"wp-block-button\"><a class=\"wp-block-button__link wp-element-button\" href=\"https:\/\/leseditions.lacompagnieduchatbleu.fr\/index.php\/produit\/antigone\/\">Acheter<\/a><\/div>\n<\/div>\n\n\n\n<div style=\"height:50px\" aria-hidden=\"true\" class=\"wp-block-spacer\"><\/div>\n<\/div>\n","protected":false},"excerpt":{"rendered":"<p>ISBN : 978-2-95626-601-3 Auteur : Olivier Collin Dufresne Dire \u201cnon\u201d par amour ! Voil\u00e0 le vrai miracle ! Le miracle del\u2019humanit\u00e9, le miracle du respect de soi et des autres. Commentd\u00e8s lors ne pas tomber en admiration devant cette femme, n\u00e9eaux alentours de 450 av. J.-C\u2026 devant Antigone ? Antigone, c\u2019est celle qui n\u2019accepte pas [&hellip;]<\/p>\n","protected":false},"author":1,"featured_media":0,"parent":166,"menu_order":0,"comment_status":"closed","ping_status":"closed","template":"","meta":{"pgc_sgb_lightbox_settings":"","_themeisle_gutenberg_block_has_review":false,"footnotes":""},"class_list":["post-340","page","type-page","status-publish","hentry"],"_links":{"self":[{"href":"https:\/\/leseditions.lacompagnieduchatbleu.fr\/index.php\/wp-json\/wp\/v2\/pages\/340","targetHints":{"allow":["GET"]}}],"collection":[{"href":"https:\/\/leseditions.lacompagnieduchatbleu.fr\/index.php\/wp-json\/wp\/v2\/pages"}],"about":[{"href":"https:\/\/leseditions.lacompagnieduchatbleu.fr\/index.php\/wp-json\/wp\/v2\/types\/page"}],"author":[{"embeddable":true,"href":"https:\/\/leseditions.lacompagnieduchatbleu.fr\/index.php\/wp-json\/wp\/v2\/users\/1"}],"replies":[{"embeddable":true,"href":"https:\/\/leseditions.lacompagnieduchatbleu.fr\/index.php\/wp-json\/wp\/v2\/comments?post=340"}],"version-history":[{"count":11,"href":"https:\/\/leseditions.lacompagnieduchatbleu.fr\/index.php\/wp-json\/wp\/v2\/pages\/340\/revisions"}],"predecessor-version":[{"id":950,"href":"https:\/\/leseditions.lacompagnieduchatbleu.fr\/index.php\/wp-json\/wp\/v2\/pages\/340\/revisions\/950"}],"up":[{"embeddable":true,"href":"https:\/\/leseditions.lacompagnieduchatbleu.fr\/index.php\/wp-json\/wp\/v2\/pages\/166"}],"wp:attachment":[{"href":"https:\/\/leseditions.lacompagnieduchatbleu.fr\/index.php\/wp-json\/wp\/v2\/media?parent=340"}],"curies":[{"name":"wp","href":"https:\/\/api.w.org\/{rel}","templated":true}]}}