{"id":343,"date":"2024-11-07T03:57:16","date_gmt":"2024-11-07T02:57:16","guid":{"rendered":"https:\/\/leseditions.lacompagnieduchatbleu.fr\/?page_id=343"},"modified":"2025-01-19T22:31:16","modified_gmt":"2025-01-19T18:31:16","slug":"catalogue-un-jour-tu-viendras","status":"publish","type":"page","link":"https:\/\/leseditions.lacompagnieduchatbleu.fr\/index.php\/notre-catalogue\/catalogue-un-jour-tu-viendras\/","title":{"rendered":"Catalogue : Un jour tu viendras"},"content":{"rendered":"\n<div class=\"wp-block-group alignfull has-background has-global-padding is-layout-constrained wp-container-core-group-is-layout-e2497adb wp-block-group-is-layout-constrained\" style=\"background:linear-gradient(180deg,rgb(237,235,232) 0%,rgb(249,249,249) 100%);margin-top:0;margin-bottom:0\">\n<div style=\"height:30px\" aria-hidden=\"true\" class=\"wp-block-spacer\"><\/div>\n\n\n\n<div class=\"wp-block-buttons alignwide is-layout-flex wp-block-buttons-is-layout-flex\">\n<div class=\"wp-block-button\"><a class=\"wp-block-button__link wp-element-button\" href=\"https:\/\/leseditions.lacompagnieduchatbleu.fr\/index.php\/notre-catalogue\/\">Retour<\/a><\/div>\n<\/div>\n\n\n\n<figure class=\"wp-block-image size-full\"><img loading=\"lazy\" decoding=\"async\" width=\"200\" height=\"327\" src=\"https:\/\/leseditions.lacompagnieduchatbleu.fr\/wp-content\/uploads\/2024\/11\/1ere-de-couv-Un-Jour-tu-Viendras_200px-1.jpg\" alt=\"\" class=\"wp-image-288\" style=\"box-shadow:var(--wp--preset--shadow--deep)\" srcset=\"https:\/\/leseditions.lacompagnieduchatbleu.fr\/wp-content\/uploads\/2024\/11\/1ere-de-couv-Un-Jour-tu-Viendras_200px-1.jpg 200w, https:\/\/leseditions.lacompagnieduchatbleu.fr\/wp-content\/uploads\/2024\/11\/1ere-de-couv-Un-Jour-tu-Viendras_200px-1-183x300.jpg 183w, https:\/\/leseditions.lacompagnieduchatbleu.fr\/wp-content\/uploads\/2024\/11\/1ere-de-couv-Un-Jour-tu-Viendras_200px-1-150x245.jpg 150w\" sizes=\"auto, (max-width: 200px) 100vw, 200px\" \/><\/figure>\n\n\n\n<p>ISBN : 978-2-95626-607-5<\/p>\n\n\n\n<p>Auteur : <a href=\"https:\/\/leseditions.lacompagnieduchatbleu.fr\/index.php\/auteur-jean-louis-rabou\/\" data-type=\"page\" data-id=\"312\"><strong>Jean-Louis Rabou<\/strong><\/a><\/p>\n\n\n\n<p><em>Ils sont depuis l\u2019enfance les meilleurs amis du monde. L\u2019un audacieux en toute chose et habile avec les femmes, l\u2019autre gauche et r\u00e9serv\u00e9. L\u2019un, h\u00e9ritier de grands bourgeois, est surtout bien n\u00e9, comme l\u2019on dit. L\u2019autre n\u2019a pas eu cette chance. <\/em><br><\/p>\n\n\n\n<p><em>Il vient de La R\u00e9union, fils d\u2019une pauvresse de l\u2019\u00eele et d\u2019un bon \u00e0 rien m\u00e9tropolitain.<\/em><br><\/p>\n\n\n\n<p><em>Loin de les opposer, cette iniquit\u00e9 les rapproche, les unit, au point qu\u2019ils voudraient permuter. \u00c0 toi les beaux quartiers et les beaux-arts, peut-\u00eatre la gloire, \u00e0 moi le voyage dans le d\u00e9partement des extr\u00eames, o\u00f9 l\u2019eau et le feu, dieu et diable, mis\u00e8re et grand spectacle, se conjuguent.<br><\/em><\/p>\n\n\n\n<p><em>Ils se prennent \u00e0 leur jeu, \u00e0 s\u2019y perdre&#8230; ou r\u00e9v\u00e9ler leur v\u00e9rit\u00e9, avec, en toile de fond, l\u2019ombre illustre de Tonton David (chacun sa route, chacun son chemin).<br><\/em><\/p>\n\n\n\n<p><em>Car il n\u2019existe pas de mal\u00e9diction r\u00e9unionnaise. Simplement des illusions et des hasards de vie.<\/em><br><\/p>\n\n\n\n<div class=\"wp-block-buttons is-content-justification-center is-layout-flex wp-container-core-buttons-is-layout-a89b3969 wp-block-buttons-is-layout-flex\">\n<div class=\"wp-block-button\"><a class=\"wp-block-button__link wp-element-button\" href=\"https:\/\/leseditions.lacompagnieduchatbleu.fr\/index.php\/produit\/un-jour-tu-viendras\/\">Acheter<\/a><\/div>\n<\/div>\n\n\n\n<div style=\"height:30px\" aria-hidden=\"true\" class=\"wp-block-spacer\"><\/div>\n<\/div>\n","protected":false},"excerpt":{"rendered":"<p>ISBN : 978-2-95626-607-5 Auteur : Jean-Louis Rabou Ils sont depuis l\u2019enfance les meilleurs amis du monde. L\u2019un audacieux en toute chose et habile avec les femmes, l\u2019autre gauche et r\u00e9serv\u00e9. L\u2019un, h\u00e9ritier de grands bourgeois, est surtout bien n\u00e9, comme l\u2019on dit. L\u2019autre n\u2019a pas eu cette chance. Il vient de La R\u00e9union, fils d\u2019une [&hellip;]<\/p>\n","protected":false},"author":1,"featured_media":0,"parent":166,"menu_order":0,"comment_status":"closed","ping_status":"closed","template":"","meta":{"pgc_sgb_lightbox_settings":"","_themeisle_gutenberg_block_has_review":false,"footnotes":""},"class_list":["post-343","page","type-page","status-publish","hentry"],"_links":{"self":[{"href":"https:\/\/leseditions.lacompagnieduchatbleu.fr\/index.php\/wp-json\/wp\/v2\/pages\/343","targetHints":{"allow":["GET"]}}],"collection":[{"href":"https:\/\/leseditions.lacompagnieduchatbleu.fr\/index.php\/wp-json\/wp\/v2\/pages"}],"about":[{"href":"https:\/\/leseditions.lacompagnieduchatbleu.fr\/index.php\/wp-json\/wp\/v2\/types\/page"}],"author":[{"embeddable":true,"href":"https:\/\/leseditions.lacompagnieduchatbleu.fr\/index.php\/wp-json\/wp\/v2\/users\/1"}],"replies":[{"embeddable":true,"href":"https:\/\/leseditions.lacompagnieduchatbleu.fr\/index.php\/wp-json\/wp\/v2\/comments?post=343"}],"version-history":[{"count":15,"href":"https:\/\/leseditions.lacompagnieduchatbleu.fr\/index.php\/wp-json\/wp\/v2\/pages\/343\/revisions"}],"predecessor-version":[{"id":1062,"href":"https:\/\/leseditions.lacompagnieduchatbleu.fr\/index.php\/wp-json\/wp\/v2\/pages\/343\/revisions\/1062"}],"up":[{"embeddable":true,"href":"https:\/\/leseditions.lacompagnieduchatbleu.fr\/index.php\/wp-json\/wp\/v2\/pages\/166"}],"wp:attachment":[{"href":"https:\/\/leseditions.lacompagnieduchatbleu.fr\/index.php\/wp-json\/wp\/v2\/media?parent=343"}],"curies":[{"name":"wp","href":"https:\/\/api.w.org\/{rel}","templated":true}]}}