{"id":80,"date":"2024-11-03T19:34:25","date_gmt":"2024-11-03T18:34:25","guid":{"rendered":"https:\/\/leseditions.lacompagnieduchatbleu.fr\/?post_type=product&#038;p=80"},"modified":"2025-03-16T20:46:44","modified_gmt":"2025-03-16T16:46:44","slug":"un-jour-tu-viendras","status":"publish","type":"product","link":"https:\/\/leseditions.lacompagnieduchatbleu.fr\/index.php\/produit\/un-jour-tu-viendras\/","title":{"rendered":"Un jour tu viendras"},"content":{"rendered":"<p><a href=\"https:\/\/leseditions.lacompagnieduchatbleu.fr\/index.php\/auteur-jean-louis-rabou\/\">Jean-Louis Rabou<\/a> nous conte, \u00e0 travers ce neuvi\u00e8me opus, la rencontre qu&rsquo;un oc\u00e9an de r\u00eave s\u00e9pare. C&rsquo;est l&rsquo;histoire d&rsquo;une amiti\u00e9 improbable, qui, de rebondissement en rebondissement, saura vous captiver jusqu&rsquo;au dernier paragraphe. Est-ce le destin, ou le fruit du hasard ?<\/p>\n<p>&nbsp;<\/p>\n<p><em><span style=\"color: #003300;\"><span style=\"color: #aa081a;\">~ <a style=\"color: #aa081a;\" href=\"https:\/\/leseditions.lacompagnieduchatbleu.fr\/index.php\/notre-catalogue\/catalogue-un-jour-tu-viendras\/\">Voir la fiche de ce roman dans notre catalogue<\/a> ~<\/span><br \/>\n<\/span><\/em><\/p>\n","protected":false},"excerpt":{"rendered":"<p>Jean-Louis Rabou nous conte, \u00e0 travers ce neuvi\u00e8me opus, la rencontre qu&rsquo;un oc\u00e9an de r\u00eave s\u00e9pare. C&rsquo;est l&rsquo;histoire d&rsquo;une amiti\u00e9 improbable, qui, de rebondissement en rebondissement, saura vous captiver jusqu&rsquo;au dernier paragraphe. Est-ce le destin, ou le fruit du hasard ? &nbsp; ~ Voir la fiche de ce roman dans notre catalogue ~<\/p>\n","protected":false},"featured_media":474,"template":"","meta":{"pgc_sgb_lightbox_settings":"","_themeisle_gutenberg_block_has_review":false},"product_brand":[],"product_cat":[19,22],"product_tag":[],"class_list":{"0":"post-80","1":"product","2":"type-product","3":"status-publish","4":"has-post-thumbnail","6":"product_cat-boutique-editions","7":"product_cat-romans","8":"product_shipping_class-quatorze-quatre-vingt-dix","10":"first","11":"instock","12":"taxable","13":"shipping-taxable","14":"purchasable","15":"product-type-simple"},"_links":{"self":[{"href":"https:\/\/leseditions.lacompagnieduchatbleu.fr\/index.php\/wp-json\/wp\/v2\/product\/80","targetHints":{"allow":["GET"]}}],"collection":[{"href":"https:\/\/leseditions.lacompagnieduchatbleu.fr\/index.php\/wp-json\/wp\/v2\/product"}],"about":[{"href":"https:\/\/leseditions.lacompagnieduchatbleu.fr\/index.php\/wp-json\/wp\/v2\/types\/product"}],"wp:featuredmedia":[{"embeddable":true,"href":"https:\/\/leseditions.lacompagnieduchatbleu.fr\/index.php\/wp-json\/wp\/v2\/media\/474"}],"wp:attachment":[{"href":"https:\/\/leseditions.lacompagnieduchatbleu.fr\/index.php\/wp-json\/wp\/v2\/media?parent=80"}],"wp:term":[{"taxonomy":"product_brand","embeddable":true,"href":"https:\/\/leseditions.lacompagnieduchatbleu.fr\/index.php\/wp-json\/wp\/v2\/product_brand?post=80"},{"taxonomy":"product_cat","embeddable":true,"href":"https:\/\/leseditions.lacompagnieduchatbleu.fr\/index.php\/wp-json\/wp\/v2\/product_cat?post=80"},{"taxonomy":"product_tag","embeddable":true,"href":"https:\/\/leseditions.lacompagnieduchatbleu.fr\/index.php\/wp-json\/wp\/v2\/product_tag?post=80"}],"curies":[{"name":"wp","href":"https:\/\/api.w.org\/{rel}","templated":true}]}}